{"id":388,"date":"2012-07-06T11:44:04","date_gmt":"2012-07-06T11:44:04","guid":{"rendered":"http:\/\/www.studiotresnc.com\/?page_id=388"},"modified":"2018-09-26T22:03:46","modified_gmt":"2018-09-26T20:03:46","slug":"i-nostri-clienti","status":"publish","type":"page","link":"https:\/\/test.dadonet.net\/studiotre\/chi-siamo\/i-nostri-clienti\/","title":{"rendered":"I nostri clienti"},"content":{"rendered":"<p>[vc_row alt_color=&#8221;&#8221; alt_bg_color=&#8221;&#8221; full_screen=&#8221;&#8221; background_overlay=&#8221;&#8221; mask=&#8221;&#8221; mask_style=&#8221;50&#8243; vertical_align=&#8221;&#8221; padding_size=&#8221;&#8221;][vc_column alt_color=&#8221;&#8221; alt_bg_color=&#8221;&#8221; text_align=&#8221;&#8221; padding_size=&#8221;&#8221;][vc_column_text animation_delay=&#8221;&#8221;]<a href=\"https:\/\/test.dadonet.net\/studiotre\/wp-content\/uploads\/2012\/07\/CLIENTI_STUDIOTRE.jpg\"><img decoding=\"async\" loading=\"lazy\" class=\"alignright wp-image-392\" title=\"CLIENTI_STUDIOTRE\" src=\"https:\/\/test.dadonet.net\/studiotre\/wp-content\/uploads\/2012\/07\/CLIENTI_STUDIOTRE.jpg\" alt=\"\" width=\"270\" height=\"221\" \/><\/a><\/p>\n<h3 style=\"margin-bottom: 7px;\"><em>Il centro stampa<strong> Studio Tre<\/strong> vanta un ampio portfolio\u00a0clienti.<\/em><\/h3>\n<p>Eccone alcuni!<\/p>\n<p class=\"p1\">\u2714<strong> Comune\u00a0di Palermo<\/strong><\/p>\n<p class=\"p1\">\u2714\u00a0<strong>Consorzio SIS SCPA<\/strong><\/p>\n<p class=\"p1\">\u2714\u00a0<strong>Telecom Italia S.P.A.<\/strong><\/p>\n<p class=\"p1\">\u2714\u00a0<strong>Societ\u00e0 Italiana\u00a0per\u00a0il Gas\u00a0S.P.A. (ITALGAS)<\/strong><\/p>\n<p><strong>\u2714\u00a0Commissario\u00a0Delegato\u00a0per le bonifiche<\/strong> <strong><strong>\u2714<\/strong> Terna S.P.A.<\/strong> <strong><strong>\u2714<\/strong> Cogei Costruzioni S.P.A.<\/strong>[\/vc_column_text][\/vc_column][\/vc_row][vc_row][vc_column][vc_separator style=&#8221;dotted&#8221; el_width=&#8221;10%&#8221;][vc_column_text]<\/p>\n<h3 style=\"margin-bottom: 0px;\">I nostri punti di forza<\/h3>\n<p><em>Qualit\u00e0, disponibilit\u00e0 e velocit\u00e0<\/em> ci\u00a0hanno sempre aiutato a stringere dei <strong>rapporti di fiducia con i nostri client<\/strong>i,\u00a0mantenuti nel tempo. In citt\u00e0, talvolta, avrai\u00a0notato dei cartelli pubblicitari Studio Tre, ma sono\u00a0soprattutto il passaparola e la presenza a Palermo\u00a0dal lontano &#8217;64 a renderci\u00a0noti e stimati.<strong> Mettici alla prova!<\/strong>[\/vc_column_text][\/vc_column][\/vc_row][vc_row alt_color=&#8221;&#8221; alt_bg_color=&#8221;&#8221; full_screen=&#8221;&#8221; background_overlay=&#8221;&#8221; mask=&#8221;&#8221; mask_style=&#8221;50&#8243; vertical_align=&#8221;&#8221; padding_size=&#8221;&#8221;][vc_column alt_color=&#8221;&#8221; alt_bg_color=&#8221;&#8221; text_align=&#8221;&#8221; padding_size=&#8221;&#8221;][vc_column_text] [\/vc_column_text][\/vc_column][\/vc_row]<\/p>\n","protected":false},"excerpt":{"rendered":"<p>[vc_row alt_color=&#8221;&#8221; alt_bg_color=&#8221;&#8221; full_screen=&#8221;&#8221; background_overlay=&#8221;&#8221; mask=&#8221;&#8221; mask_style=&#8221;50&#8243; vertical_align=&#8221;&#8221; padding_size=&#8221;&#8221;][vc_column alt_color=&#8221;&#8221; alt_bg_color=&#8221;&#8221; text_align=&#8221;&#8221; padding_size=&#8221;&#8221;][vc_column_text animation_delay=&#8221;&#8221;] Il centro stampa Studio Tre vanta un ampio portfolio\u00a0clienti. Eccone alcuni! \u2714 Comune\u00a0di Palermo \u2714\u00a0Consorzio SIS SCPA \u2714\u00a0Telecom Italia S.P.A. \u2714\u00a0Societ\u00e0 Italiana\u00a0per\u00a0il Gas\u00a0S.P.A. (ITALGAS) \u2714\u00a0Commissario\u00a0Delegato\u00a0per le&hellip;<\/p>\n","protected":false},"author":1,"featured_media":0,"parent":15,"menu_order":0,"comment_status":"open","ping_status":"open","template":"","meta":[],"yoast_head":"<!-- This site is optimized with the Yoast SEO plugin v19.7.1 - https:\/\/yoast.com\/wordpress\/plugins\/seo\/ -->\n<title>I nostri clienti<\/title>\n<meta name=\"description\" content=\"Fra i nostri clienti \u2714 Comune di Palermo \u2714 Consorzio SIS SCPA \u2714 Telecom Italia S.P.A. \u2714 Societ\u00e0 Italiana\" \/>\n<meta name=\"robots\" content=\"index, follow, max-snippet:-1, max-image-preview:large, max-video-preview:-1\" \/>\n<link rel=\"canonical\" href=\"https:\/\/test.dadonet.net\/studiotre\/chi-siamo\/i-nostri-clienti\/\" \/>\n<meta property=\"og:locale\" content=\"it_IT\" \/>\n<meta property=\"og:type\" content=\"article\" \/>\n<meta property=\"og:title\" content=\"I nostri clienti\" \/>\n<meta property=\"og:description\" content=\"Fra i nostri clienti \u2714 Comune di Palermo \u2714 Consorzio SIS SCPA \u2714 Telecom Italia S.P.A. \u2714 Societ\u00e0 Italiana\" \/>\n<meta property=\"og:url\" content=\"https:\/\/test.dadonet.net\/studiotre\/chi-siamo\/i-nostri-clienti\/\" \/>\n<meta property=\"og:site_name\" content=\"Studio Tre Palermo\" \/>\n<meta property=\"article:modified_time\" content=\"2018-09-26T20:03:46+00:00\" \/>\n<meta property=\"og:image\" content=\"https:\/\/test.dadonet.net\/studiotre\/wp-content\/uploads\/2012\/07\/CLIENTI_STUDIOTRE.jpg\" \/>\n<meta name=\"twitter:card\" content=\"summary\" \/>\n<meta name=\"twitter:label1\" content=\"Tempo di lettura stimato\" \/>\n\t<meta name=\"twitter:data1\" content=\"1 minuto\" \/>\n<script type=\"application\/ld+json\" class=\"yoast-schema-graph\">{\"@context\":\"https:\/\/schema.org\",\"@graph\":[{\"@type\":\"WebPage\",\"@id\":\"https:\/\/test.dadonet.net\/studiotre\/chi-siamo\/i-nostri-clienti\/\",\"url\":\"https:\/\/test.dadonet.net\/studiotre\/chi-siamo\/i-nostri-clienti\/\",\"name\":\"I nostri clienti\",\"isPartOf\":{\"@id\":\"https:\/\/test.dadonet.net\/studiotre\/#website\"},\"datePublished\":\"2012-07-06T11:44:04+00:00\",\"dateModified\":\"2018-09-26T20:03:46+00:00\",\"description\":\"Fra i nostri clienti \u2714 Comune di Palermo \u2714 Consorzio SIS SCPA \u2714 Telecom Italia S.P.A. \u2714 Societ\u00e0 Italiana\",\"breadcrumb\":{\"@id\":\"https:\/\/test.dadonet.net\/studiotre\/chi-siamo\/i-nostri-clienti\/#breadcrumb\"},\"inLanguage\":\"it-IT\",\"potentialAction\":[{\"@type\":\"ReadAction\",\"target\":[\"https:\/\/test.dadonet.net\/studiotre\/chi-siamo\/i-nostri-clienti\/\"]}]},{\"@type\":\"BreadcrumbList\",\"@id\":\"https:\/\/test.dadonet.net\/studiotre\/chi-siamo\/i-nostri-clienti\/#breadcrumb\",\"itemListElement\":[{\"@type\":\"ListItem\",\"position\":1,\"name\":\"Chi siamo\",\"item\":\"https:\/\/test.dadonet.net\/studiotre\/chi-siamo\/\"},{\"@type\":\"ListItem\",\"position\":2,\"name\":\"I nostri clienti\"}]},{\"@type\":\"WebSite\",\"@id\":\"https:\/\/test.dadonet.net\/studiotre\/#website\",\"url\":\"https:\/\/test.dadonet.net\/studiotre\/\",\"name\":\"Studio Tre Palermo\",\"description\":\"50 anni di esperienza nella stampa, al servizio di professionisti, aziende, enti e privati.\",\"publisher\":{\"@id\":\"https:\/\/test.dadonet.net\/studiotre\/#organization\"},\"potentialAction\":[{\"@type\":\"SearchAction\",\"target\":{\"@type\":\"EntryPoint\",\"urlTemplate\":\"https:\/\/test.dadonet.net\/studiotre\/?s={search_term_string}\"},\"query-input\":\"required name=search_term_string\"}],\"inLanguage\":\"it-IT\"},{\"@type\":\"Organization\",\"@id\":\"https:\/\/test.dadonet.net\/studiotre\/#organization\",\"name\":\"Studio Tre Palermo\",\"url\":\"https:\/\/test.dadonet.net\/studiotre\/\",\"sameAs\":[],\"logo\":{\"@type\":\"ImageObject\",\"inLanguage\":\"it-IT\",\"@id\":\"https:\/\/test.dadonet.net\/studiotre\/#\/schema\/logo\/image\/\",\"url\":\"https:\/\/test.dadonet.net\/studiotre\/wp-content\/uploads\/2018\/08\/NONSticky_Logo_StudioTre.png\",\"contentUrl\":\"https:\/\/test.dadonet.net\/studiotre\/wp-content\/uploads\/2018\/08\/NONSticky_Logo_StudioTre.png\",\"width\":448,\"height\":217,\"caption\":\"Studio Tre Palermo\"},\"image\":{\"@id\":\"https:\/\/test.dadonet.net\/studiotre\/#\/schema\/logo\/image\/\"}}]}<\/script>\n<!-- \/ Yoast SEO plugin. -->","yoast_head_json":{"title":"I nostri clienti","description":"Fra i nostri clienti \u2714 Comune di Palermo \u2714 Consorzio SIS SCPA \u2714 Telecom Italia S.P.A. \u2714 Societ\u00e0 Italiana","robots":{"index":"index","follow":"follow","max-snippet":"max-snippet:-1","max-image-preview":"max-image-preview:large","max-video-preview":"max-video-preview:-1"},"canonical":"https:\/\/test.dadonet.net\/studiotre\/chi-siamo\/i-nostri-clienti\/","og_locale":"it_IT","og_type":"article","og_title":"I nostri clienti","og_description":"Fra i nostri clienti \u2714 Comune di Palermo \u2714 Consorzio SIS SCPA \u2714 Telecom Italia S.P.A. \u2714 Societ\u00e0 Italiana","og_url":"https:\/\/test.dadonet.net\/studiotre\/chi-siamo\/i-nostri-clienti\/","og_site_name":"Studio Tre Palermo","article_modified_time":"2018-09-26T20:03:46+00:00","og_image":[{"url":"https:\/\/test.dadonet.net\/studiotre\/wp-content\/uploads\/2012\/07\/CLIENTI_STUDIOTRE.jpg"}],"twitter_card":"summary","twitter_misc":{"Tempo di lettura stimato":"1 minuto"},"schema":{"@context":"https:\/\/schema.org","@graph":[{"@type":"WebPage","@id":"https:\/\/test.dadonet.net\/studiotre\/chi-siamo\/i-nostri-clienti\/","url":"https:\/\/test.dadonet.net\/studiotre\/chi-siamo\/i-nostri-clienti\/","name":"I nostri clienti","isPartOf":{"@id":"https:\/\/test.dadonet.net\/studiotre\/#website"},"datePublished":"2012-07-06T11:44:04+00:00","dateModified":"2018-09-26T20:03:46+00:00","description":"Fra i nostri clienti \u2714 Comune di Palermo \u2714 Consorzio SIS SCPA \u2714 Telecom Italia S.P.A. \u2714 Societ\u00e0 Italiana","breadcrumb":{"@id":"https:\/\/test.dadonet.net\/studiotre\/chi-siamo\/i-nostri-clienti\/#breadcrumb"},"inLanguage":"it-IT","potentialAction":[{"@type":"ReadAction","target":["https:\/\/test.dadonet.net\/studiotre\/chi-siamo\/i-nostri-clienti\/"]}]},{"@type":"BreadcrumbList","@id":"https:\/\/test.dadonet.net\/studiotre\/chi-siamo\/i-nostri-clienti\/#breadcrumb","itemListElement":[{"@type":"ListItem","position":1,"name":"Chi siamo","item":"https:\/\/test.dadonet.net\/studiotre\/chi-siamo\/"},{"@type":"ListItem","position":2,"name":"I nostri clienti"}]},{"@type":"WebSite","@id":"https:\/\/test.dadonet.net\/studiotre\/#website","url":"https:\/\/test.dadonet.net\/studiotre\/","name":"Studio Tre Palermo","description":"50 anni di esperienza nella stampa, al servizio di professionisti, aziende, enti e privati.","publisher":{"@id":"https:\/\/test.dadonet.net\/studiotre\/#organization"},"potentialAction":[{"@type":"SearchAction","target":{"@type":"EntryPoint","urlTemplate":"https:\/\/test.dadonet.net\/studiotre\/?s={search_term_string}"},"query-input":"required name=search_term_string"}],"inLanguage":"it-IT"},{"@type":"Organization","@id":"https:\/\/test.dadonet.net\/studiotre\/#organization","name":"Studio Tre Palermo","url":"https:\/\/test.dadonet.net\/studiotre\/","sameAs":[],"logo":{"@type":"ImageObject","inLanguage":"it-IT","@id":"https:\/\/test.dadonet.net\/studiotre\/#\/schema\/logo\/image\/","url":"https:\/\/test.dadonet.net\/studiotre\/wp-content\/uploads\/2018\/08\/NONSticky_Logo_StudioTre.png","contentUrl":"https:\/\/test.dadonet.net\/studiotre\/wp-content\/uploads\/2018\/08\/NONSticky_Logo_StudioTre.png","width":448,"height":217,"caption":"Studio Tre Palermo"},"image":{"@id":"https:\/\/test.dadonet.net\/studiotre\/#\/schema\/logo\/image\/"}}]}},"_links":{"self":[{"href":"https:\/\/test.dadonet.net\/studiotre\/wp-json\/wp\/v2\/pages\/388"}],"collection":[{"href":"https:\/\/test.dadonet.net\/studiotre\/wp-json\/wp\/v2\/pages"}],"about":[{"href":"https:\/\/test.dadonet.net\/studiotre\/wp-json\/wp\/v2\/types\/page"}],"author":[{"embeddable":true,"href":"https:\/\/test.dadonet.net\/studiotre\/wp-json\/wp\/v2\/users\/1"}],"replies":[{"embeddable":true,"href":"https:\/\/test.dadonet.net\/studiotre\/wp-json\/wp\/v2\/comments?post=388"}],"version-history":[{"count":1,"href":"https:\/\/test.dadonet.net\/studiotre\/wp-json\/wp\/v2\/pages\/388\/revisions"}],"predecessor-version":[{"id":2117,"href":"https:\/\/test.dadonet.net\/studiotre\/wp-json\/wp\/v2\/pages\/388\/revisions\/2117"}],"up":[{"embeddable":true,"href":"https:\/\/test.dadonet.net\/studiotre\/wp-json\/wp\/v2\/pages\/15"}],"wp:attachment":[{"href":"https:\/\/test.dadonet.net\/studiotre\/wp-json\/wp\/v2\/media?parent=388"}],"curies":[{"name":"wp","href":"https:\/\/api.w.org\/{rel}","templated":true}]}}