{"id":1081,"date":"2012-06-12T12:50:23","date_gmt":"2012-06-12T12:50:23","guid":{"rendered":"http:\/\/www.studiotresnc.com\/?page_id=96"},"modified":"2018-09-26T21:21:09","modified_gmt":"2018-09-26T19:21:09","slug":"competenze","status":"publish","type":"page","link":"https:\/\/test.dadonet.net\/studiotre\/chi-siamo\/competenze\/","title":{"rendered":"Competenze di Studio Tre"},"content":{"rendered":"<p>[vc_row alt_color=&#8221;&#8221; alt_bg_color=&#8221;&#8221; parallax=&#8221;&#8221; full_width=&#8221;&#8221; full_screen=&#8221;&#8221; background_overlay=&#8221;&#8221; mask=&#8221;&#8221; mask_style=&#8221;50&#8243; vertical_align=&#8221;&#8221; padding_size=&#8221;&#8221; el_class=&#8221;&#8221;][vc_column alt_color=&#8221;&#8221; alt_bg_color=&#8221;&#8221; text_align=&#8221;&#8221; padding_size=&#8221;&#8221; el_class=&#8221;&#8221; width=&#8221;1\/1&#8243;][vc_column_text animation_delay=&#8221;&#8221; el_class=&#8221;&#8221;]<\/p>\n<h2 style=\"margin-bottom: 7px;\">Competenze di Studio Tre. Perch\u00e9 i clienti non ci mollano?<\/h2>\n<p>I punti di forza che hanno contraddistinto negli anni Studio Tre, sono sempre stati:<\/p>\n<p class=\"p1\">\u2714\u00a0sacra attenzione per la <strong>qualit\u00e0 dei servizi<\/strong>;<br \/>\n\u2714\u00a0<strong>disponibilit\u00e0<\/strong> nei confronti della clientela;<br \/>\n\u2714\u00a0<strong>velocit\u00e0<\/strong> nell\u2019esecuzione del lavoro.<\/p>\n<p>Il nostro team &#8211;\u00a0composto da persone che da pi\u00f9 di vent&#8217;anni lavorano nel settore della stampa professionale &#8211; costituisce la vera potenzialit\u00e0 di <strong>Studio Tre<\/strong>. L\u2019assistenza di <strong>noti partners<\/strong> consente di completare la nostra proposta in ambiti operativi specifici, mantenendo vantaggiosa la scelta e <strong>tempestiva la consegna<\/strong>.<\/p>\n<h3 style=\"margin-bottom: 7px;\">A chi ci rivolgiamo<\/h3>\n<blockquote><p>Studio Tre &#8211; storico centro stampa di Palermo &#8211; si rivolge a tutte quelle realt\u00e0 dinamiche grandi e piccole con esigenze di risposte competenti in ambito di stampa: professionisti, architetti, ingegneri, enti, uffici, scuole, piccole e medie aziende, negozi, studenti, privati.<\/p><\/blockquote>\n<p>[\/vc_column_text][\/vc_column][\/vc_row]<\/p>\n","protected":false},"excerpt":{"rendered":"<p>[vc_row alt_color=&#8221;&#8221; alt_bg_color=&#8221;&#8221; parallax=&#8221;&#8221; full_width=&#8221;&#8221; full_screen=&#8221;&#8221; background_overlay=&#8221;&#8221; mask=&#8221;&#8221; mask_style=&#8221;50&#8243; vertical_align=&#8221;&#8221; padding_size=&#8221;&#8221; el_class=&#8221;&#8221;][vc_column alt_color=&#8221;&#8221; alt_bg_color=&#8221;&#8221; text_align=&#8221;&#8221; padding_size=&#8221;&#8221; el_class=&#8221;&#8221; width=&#8221;1\/1&#8243;][vc_column_text animation_delay=&#8221;&#8221; el_class=&#8221;&#8221;] Competenze di Studio Tre. Perch\u00e9 i clienti non ci mollano? I punti di forza che hanno contraddistinto negli anni Studio&hellip;<\/p>\n","protected":false},"author":1,"featured_media":0,"parent":15,"menu_order":0,"comment_status":"open","ping_status":"open","template":"","meta":[],"yoast_head":"<!-- This site is optimized with the Yoast SEO plugin v19.7.1 - https:\/\/yoast.com\/wordpress\/plugins\/seo\/ -->\n<title>Competenze di Studio Tre<\/title>\n<meta name=\"description\" content=\"Competenze di Studio Tre. Perch\u00e9 i nostri clienti non ci mollano? Garantiamo qualit\u00e0, disponibilit\u00e0 e velocit\u00e0! \u221a Mettici alla prova!\" \/>\n<meta name=\"robots\" content=\"index, follow, max-snippet:-1, max-image-preview:large, max-video-preview:-1\" \/>\n<link rel=\"canonical\" href=\"https:\/\/test.dadonet.net\/studiotre\/chi-siamo\/competenze\/\" \/>\n<meta property=\"og:locale\" content=\"it_IT\" \/>\n<meta property=\"og:type\" content=\"article\" \/>\n<meta property=\"og:title\" content=\"Competenze di Studio Tre\" \/>\n<meta property=\"og:description\" content=\"Competenze di Studio Tre. Perch\u00e9 i nostri clienti non ci mollano? Garantiamo qualit\u00e0, disponibilit\u00e0 e velocit\u00e0! \u221a Mettici alla prova!\" \/>\n<meta property=\"og:url\" content=\"https:\/\/test.dadonet.net\/studiotre\/chi-siamo\/competenze\/\" \/>\n<meta property=\"og:site_name\" content=\"Studio Tre Palermo\" \/>\n<meta property=\"article:modified_time\" content=\"2018-09-26T19:21:09+00:00\" \/>\n<meta name=\"twitter:card\" content=\"summary\" \/>\n<meta name=\"twitter:label1\" content=\"Tempo di lettura stimato\" \/>\n\t<meta name=\"twitter:data1\" content=\"1 minuto\" \/>\n<script type=\"application\/ld+json\" class=\"yoast-schema-graph\">{\"@context\":\"https:\/\/schema.org\",\"@graph\":[{\"@type\":\"WebPage\",\"@id\":\"https:\/\/test.dadonet.net\/studiotre\/chi-siamo\/competenze\/\",\"url\":\"https:\/\/test.dadonet.net\/studiotre\/chi-siamo\/competenze\/\",\"name\":\"Competenze di Studio Tre\",\"isPartOf\":{\"@id\":\"https:\/\/test.dadonet.net\/studiotre\/#website\"},\"datePublished\":\"2012-06-12T12:50:23+00:00\",\"dateModified\":\"2018-09-26T19:21:09+00:00\",\"description\":\"Competenze di Studio Tre. Perch\u00e9 i nostri clienti non ci mollano? Garantiamo qualit\u00e0, disponibilit\u00e0 e velocit\u00e0! \u221a Mettici alla prova!\",\"breadcrumb\":{\"@id\":\"https:\/\/test.dadonet.net\/studiotre\/chi-siamo\/competenze\/#breadcrumb\"},\"inLanguage\":\"it-IT\",\"potentialAction\":[{\"@type\":\"ReadAction\",\"target\":[\"https:\/\/test.dadonet.net\/studiotre\/chi-siamo\/competenze\/\"]}]},{\"@type\":\"BreadcrumbList\",\"@id\":\"https:\/\/test.dadonet.net\/studiotre\/chi-siamo\/competenze\/#breadcrumb\",\"itemListElement\":[{\"@type\":\"ListItem\",\"position\":1,\"name\":\"Chi siamo\",\"item\":\"https:\/\/test.dadonet.net\/studiotre\/chi-siamo\/\"},{\"@type\":\"ListItem\",\"position\":2,\"name\":\"Competenze di Studio Tre\"}]},{\"@type\":\"WebSite\",\"@id\":\"https:\/\/test.dadonet.net\/studiotre\/#website\",\"url\":\"https:\/\/test.dadonet.net\/studiotre\/\",\"name\":\"Studio Tre Palermo\",\"description\":\"50 anni di esperienza nella stampa, al servizio di professionisti, aziende, enti e privati.\",\"publisher\":{\"@id\":\"https:\/\/test.dadonet.net\/studiotre\/#organization\"},\"potentialAction\":[{\"@type\":\"SearchAction\",\"target\":{\"@type\":\"EntryPoint\",\"urlTemplate\":\"https:\/\/test.dadonet.net\/studiotre\/?s={search_term_string}\"},\"query-input\":\"required name=search_term_string\"}],\"inLanguage\":\"it-IT\"},{\"@type\":\"Organization\",\"@id\":\"https:\/\/test.dadonet.net\/studiotre\/#organization\",\"name\":\"Studio Tre Palermo\",\"url\":\"https:\/\/test.dadonet.net\/studiotre\/\",\"sameAs\":[],\"logo\":{\"@type\":\"ImageObject\",\"inLanguage\":\"it-IT\",\"@id\":\"https:\/\/test.dadonet.net\/studiotre\/#\/schema\/logo\/image\/\",\"url\":\"https:\/\/test.dadonet.net\/studiotre\/wp-content\/uploads\/2018\/08\/NONSticky_Logo_StudioTre.png\",\"contentUrl\":\"https:\/\/test.dadonet.net\/studiotre\/wp-content\/uploads\/2018\/08\/NONSticky_Logo_StudioTre.png\",\"width\":448,\"height\":217,\"caption\":\"Studio Tre Palermo\"},\"image\":{\"@id\":\"https:\/\/test.dadonet.net\/studiotre\/#\/schema\/logo\/image\/\"}}]}<\/script>\n<!-- \/ Yoast SEO plugin. -->","yoast_head_json":{"title":"Competenze di Studio Tre","description":"Competenze di Studio Tre. Perch\u00e9 i nostri clienti non ci mollano? Garantiamo qualit\u00e0, disponibilit\u00e0 e velocit\u00e0! \u221a Mettici alla prova!","robots":{"index":"index","follow":"follow","max-snippet":"max-snippet:-1","max-image-preview":"max-image-preview:large","max-video-preview":"max-video-preview:-1"},"canonical":"https:\/\/test.dadonet.net\/studiotre\/chi-siamo\/competenze\/","og_locale":"it_IT","og_type":"article","og_title":"Competenze di Studio Tre","og_description":"Competenze di Studio Tre. Perch\u00e9 i nostri clienti non ci mollano? Garantiamo qualit\u00e0, disponibilit\u00e0 e velocit\u00e0! \u221a Mettici alla prova!","og_url":"https:\/\/test.dadonet.net\/studiotre\/chi-siamo\/competenze\/","og_site_name":"Studio Tre Palermo","article_modified_time":"2018-09-26T19:21:09+00:00","twitter_card":"summary","twitter_misc":{"Tempo di lettura stimato":"1 minuto"},"schema":{"@context":"https:\/\/schema.org","@graph":[{"@type":"WebPage","@id":"https:\/\/test.dadonet.net\/studiotre\/chi-siamo\/competenze\/","url":"https:\/\/test.dadonet.net\/studiotre\/chi-siamo\/competenze\/","name":"Competenze di Studio Tre","isPartOf":{"@id":"https:\/\/test.dadonet.net\/studiotre\/#website"},"datePublished":"2012-06-12T12:50:23+00:00","dateModified":"2018-09-26T19:21:09+00:00","description":"Competenze di Studio Tre. Perch\u00e9 i nostri clienti non ci mollano? Garantiamo qualit\u00e0, disponibilit\u00e0 e velocit\u00e0! \u221a Mettici alla prova!","breadcrumb":{"@id":"https:\/\/test.dadonet.net\/studiotre\/chi-siamo\/competenze\/#breadcrumb"},"inLanguage":"it-IT","potentialAction":[{"@type":"ReadAction","target":["https:\/\/test.dadonet.net\/studiotre\/chi-siamo\/competenze\/"]}]},{"@type":"BreadcrumbList","@id":"https:\/\/test.dadonet.net\/studiotre\/chi-siamo\/competenze\/#breadcrumb","itemListElement":[{"@type":"ListItem","position":1,"name":"Chi siamo","item":"https:\/\/test.dadonet.net\/studiotre\/chi-siamo\/"},{"@type":"ListItem","position":2,"name":"Competenze di Studio Tre"}]},{"@type":"WebSite","@id":"https:\/\/test.dadonet.net\/studiotre\/#website","url":"https:\/\/test.dadonet.net\/studiotre\/","name":"Studio Tre Palermo","description":"50 anni di esperienza nella stampa, al servizio di professionisti, aziende, enti e privati.","publisher":{"@id":"https:\/\/test.dadonet.net\/studiotre\/#organization"},"potentialAction":[{"@type":"SearchAction","target":{"@type":"EntryPoint","urlTemplate":"https:\/\/test.dadonet.net\/studiotre\/?s={search_term_string}"},"query-input":"required name=search_term_string"}],"inLanguage":"it-IT"},{"@type":"Organization","@id":"https:\/\/test.dadonet.net\/studiotre\/#organization","name":"Studio Tre Palermo","url":"https:\/\/test.dadonet.net\/studiotre\/","sameAs":[],"logo":{"@type":"ImageObject","inLanguage":"it-IT","@id":"https:\/\/test.dadonet.net\/studiotre\/#\/schema\/logo\/image\/","url":"https:\/\/test.dadonet.net\/studiotre\/wp-content\/uploads\/2018\/08\/NONSticky_Logo_StudioTre.png","contentUrl":"https:\/\/test.dadonet.net\/studiotre\/wp-content\/uploads\/2018\/08\/NONSticky_Logo_StudioTre.png","width":448,"height":217,"caption":"Studio Tre Palermo"},"image":{"@id":"https:\/\/test.dadonet.net\/studiotre\/#\/schema\/logo\/image\/"}}]}},"_links":{"self":[{"href":"https:\/\/test.dadonet.net\/studiotre\/wp-json\/wp\/v2\/pages\/1081"}],"collection":[{"href":"https:\/\/test.dadonet.net\/studiotre\/wp-json\/wp\/v2\/pages"}],"about":[{"href":"https:\/\/test.dadonet.net\/studiotre\/wp-json\/wp\/v2\/types\/page"}],"author":[{"embeddable":true,"href":"https:\/\/test.dadonet.net\/studiotre\/wp-json\/wp\/v2\/users\/1"}],"replies":[{"embeddable":true,"href":"https:\/\/test.dadonet.net\/studiotre\/wp-json\/wp\/v2\/comments?post=1081"}],"version-history":[{"count":1,"href":"https:\/\/test.dadonet.net\/studiotre\/wp-json\/wp\/v2\/pages\/1081\/revisions"}],"predecessor-version":[{"id":2116,"href":"https:\/\/test.dadonet.net\/studiotre\/wp-json\/wp\/v2\/pages\/1081\/revisions\/2116"}],"up":[{"embeddable":true,"href":"https:\/\/test.dadonet.net\/studiotre\/wp-json\/wp\/v2\/pages\/15"}],"wp:attachment":[{"href":"https:\/\/test.dadonet.net\/studiotre\/wp-json\/wp\/v2\/media?parent=1081"}],"curies":[{"name":"wp","href":"https:\/\/api.w.org\/{rel}","templated":true}]}}